{"id":137,"date":"2020-09-09T16:26:22","date_gmt":"2020-09-09T14:26:22","guid":{"rendered":"https:\/\/www.lieblied.com\/?post_type=product&#038;p=137"},"modified":"2021-01-04T10:59:37","modified_gmt":"2021-01-04T09:59:37","slug":"tshirt-lieder-brauchen-liebe","status":"publish","type":"product","link":"https:\/\/www.lieblied.com\/index.php\/produkt\/tshirt-lieder-brauchen-liebe\/","title":{"rendered":"Shirt &#8222;Lieder brauchen Liebe&#8220; 100% Baumwolle, enganliegende Passform"},"content":{"rendered":"<p>[et_pb_section fb_built=&#8220;1&#8243; _builder_version=&#8220;3.22&#8243; custom_padding=&#8220;0px||||false|false&#8220;][et_pb_row _builder_version=&#8220;3.25&#8243; background_size=&#8220;initial&#8220; background_position=&#8220;top_left&#8220; background_repeat=&#8220;repeat&#8220; width=&#8220;100%&#8220; custom_padding=&#8220;0px||0px||false|false&#8220;][et_pb_column type=&#8220;4_4&#8243; _builder_version=&#8220;3.25&#8243; custom_padding=&#8220;|||&#8220; custom_padding__hover=&#8220;|||&#8220;][et_pb_wc_breadcrumb _builder_version=&#8220;4.7.4&#8243;][\/et_pb_wc_breadcrumb][et_pb_wc_cart_notice _builder_version=&#8220;4.6.0&#8243; _module_preset=&#8220;default&#8220; background_color=&#8220;#aa9871&#8243;][\/et_pb_wc_cart_notice][\/et_pb_column][\/et_pb_row][et_pb_row column_structure=&#8220;1_2,1_2&#8243; _builder_version=&#8220;3.25&#8243; background_size=&#8220;initial&#8220; background_position=&#8220;top_left&#8220; background_repeat=&#8220;repeat&#8220; width=&#8220;100%&#8220; custom_padding=&#8220;0px||||false|false&#8220;][et_pb_column type=&#8220;1_2&#8243; _builder_version=&#8220;3.25&#8243; custom_padding=&#8220;|||&#8220; custom_padding__hover=&#8220;|||&#8220;][et_pb_wc_images _builder_version=&#8220;4.6.0&#8243;][\/et_pb_wc_images][\/et_pb_column][et_pb_column type=&#8220;1_2&#8243; _builder_version=&#8220;3.25&#8243; custom_padding=&#8220;|||&#8220; custom_padding__hover=&#8220;|||&#8220;][et_pb_wc_title _builder_version=&#8220;4.7.4&#8243;][\/et_pb_wc_title][et_pb_wc_price _builder_version=&#8220;4.6.0&#8243; body_font=&#8220;Tenor Sans||||||||&#8220; body_text_color=&#8220;#aa9871&#8243;][\/et_pb_wc_price][et_pb_wc_description _builder_version=&#8220;4.7.4&#8243;][\/et_pb_wc_description][et_pb_wc_add_to_cart _builder_version=&#8220;4.6.0&#8243; fields_background_color=&#8220;#f7edd7&#8243; fields_text_color=&#8220;#000000&#8243; fields_focus_background_color=&#8220;#f7edd7&#8243; fields_focus_text_color=&#8220;#000000&#8243; border_color_all_fields=&#8220;rgba(0,0,0,0)&#8220;][\/et_pb_wc_add_to_cart][et_pb_wc_meta _builder_version=&#8220;3.0.47&#8243;][\/et_pb_wc_meta][\/et_pb_column][\/et_pb_row][et_pb_row _builder_version=&#8220;3.25&#8243; background_size=&#8220;initial&#8220; background_position=&#8220;top_left&#8220; background_repeat=&#8220;repeat&#8220; width=&#8220;100%&#8220;][et_pb_column type=&#8220;4_4&#8243; _builder_version=&#8220;3.25&#8243; custom_padding=&#8220;|||&#8220; custom_padding__hover=&#8220;|||&#8220;][et_pb_text _builder_version=&#8220;4.7.4&#8243; _module_preset=&#8220;default&#8220;]<\/p>\n<h4>Beschreibung<\/h4>\n<p>[\/et_pb_text][et_pb_wc_description description_type=&#8220;description&#8220; _builder_version=&#8220;4.6.0&#8243; _module_preset=&#8220;default&#8220;][\/et_pb_wc_description][et_pb_wc_upsells _builder_version=&#8220;3.0.47&#8243;][\/et_pb_wc_upsells][et_pb_wc_related_products _builder_version=&#8220;3.0.47&#8243;][\/et_pb_wc_related_products][\/et_pb_column][\/et_pb_row][\/et_pb_section]<\/p>\n","protected":false},"excerpt":{"rendered":"<p><strong>Setz ein nachhaltiges Zeichen f\u00fcr mehr Liebe in dieser Welt!<\/strong><br \/>\nT-Shirt in nat\u00fcrlichem Wei\u00df mit enganliegender, leicht taillierter Passform und &#8222;Lieder Brauchen Liebe&#8220;-Slogan auf der Brust.<\/p>\n","protected":false},"featured_media":313,"comment_status":"closed","ping_status":"closed","template":"","meta":{"_et_pb_use_builder":"on","_et_pb_old_content":"Farbe: Natural Raw\r\n100% gek\u00e4mmte ringgesponnene Bio-Baumwolle\r\nEnganliegende Passform\r\nEingesetzte \u00c4rmel\r\n1\u00d71 Rippstrick am Halsausschnitt\r\nAbgesetztes Nackenband\r\nSchmale Doppelabsteppung an \u00c4rmelenden und unterem Saum\r\nNachhaltige Mode mit h\u00f6chster Qualit\u00e4t. Perfekt geeignet, um authentischere und verantwortungsvollere Kleidungsst\u00fccke zu tragen. Mode, die f\u00fcr die Ver\u00e4nderung in der Textilindustrie steht, die menschenw\u00fcrdiger, ethischer, umweltfreundlicher ist.","_et_gb_content_width":""},"product_brand":[],"product_cat":[18],"product_tag":[27,26],"class_list":{"0":"post-137","1":"product","2":"type-product","3":"status-publish","4":"has-post-thumbnail","6":"product_cat-merch","7":"product_tag-merch","8":"product_tag-t-shirt","10":"first","11":"instock","12":"taxable","13":"shipping-taxable","14":"purchasable","15":"product-type-variable"},"jetpack_sharing_enabled":true,"_links":{"self":[{"href":"https:\/\/www.lieblied.com\/index.php\/wp-json\/wp\/v2\/product\/137","targetHints":{"allow":["GET"]}}],"collection":[{"href":"https:\/\/www.lieblied.com\/index.php\/wp-json\/wp\/v2\/product"}],"about":[{"href":"https:\/\/www.lieblied.com\/index.php\/wp-json\/wp\/v2\/types\/product"}],"replies":[{"embeddable":true,"href":"https:\/\/www.lieblied.com\/index.php\/wp-json\/wp\/v2\/comments?post=137"}],"wp:featuredmedia":[{"embeddable":true,"href":"https:\/\/www.lieblied.com\/index.php\/wp-json\/wp\/v2\/media\/313"}],"wp:attachment":[{"href":"https:\/\/www.lieblied.com\/index.php\/wp-json\/wp\/v2\/media?parent=137"}],"wp:term":[{"taxonomy":"product_brand","embeddable":true,"href":"https:\/\/www.lieblied.com\/index.php\/wp-json\/wp\/v2\/product_brand?post=137"},{"taxonomy":"product_cat","embeddable":true,"href":"https:\/\/www.lieblied.com\/index.php\/wp-json\/wp\/v2\/product_cat?post=137"},{"taxonomy":"product_tag","embeddable":true,"href":"https:\/\/www.lieblied.com\/index.php\/wp-json\/wp\/v2\/product_tag?post=137"}],"curies":[{"name":"wp","href":"https:\/\/api.w.org\/{rel}","templated":true}]}}